{"id":47,"date":"2025-06-03T12:28:41","date_gmt":"2025-06-03T12:28:41","guid":{"rendered":"https:\/\/samurai-der-moderne.de\/?page_id=47"},"modified":"2025-10-17T13:11:03","modified_gmt":"2025-10-17T13:11:03","slug":"impressum","status":"publish","type":"page","link":"https:\/\/samurai-der-moderne.de\/?page_id=47","title":{"rendered":"Impressum"},"content":{"rendered":"<h4><strong>Verantwortlich f\u00fcr den Inhalt dieser Seite:<\/strong><\/h4>\n<p>Gunnar Ehrhardt<\/p>\n<p>Untere Hauptstra\u00dfe 87<\/p>\n<p>09241 M\u00fchlau<\/p>\n<p>Mobil: 0152-22712643<\/p>\n<p>Mail: <span id=\"cloak7dda5dca90ab6ab1801bd78bfa57186f\"><a href=\"mailto:undo.muldental@gmail.com\">undo.muldental@gmail.com<\/a><\/span><\/p>\n<p>&nbsp;<\/p>\n<p>Steuernummer: 222\/215\/02055<\/p>\n<p>Finanzamt Mittweida<\/p>\n<p><strong>Copyright<\/strong> der Texte und Bilder, sofern nicht anders angegeben:<\/p>\n<p>Gunnar Ehrhardt<\/p>\n","protected":false},"excerpt":{"rendered":"<p>Verantwortlich f\u00fcr den Inhalt dieser Seite: Gunnar Ehrhardt Untere Hauptstra\u00dfe 87 09241 M\u00fchlau Mobil: 0152-22712643 Mail: undo.muldental@gmail.com &nbsp; Steuernummer: 222\/215\/02055 Finanzamt Mittweida Copyright der Texte und Bilder, sofern nicht anders angegeben: Gunnar Ehrhardt<\/p>\n","protected":false},"author":1,"featured_media":0,"parent":0,"menu_order":0,"comment_status":"closed","ping_status":"closed","template":"","meta":{"footnotes":""},"class_list":["post-47","page","type-page","status-publish","hentry"],"yoast_head":"<!-- This site is optimized with the Yoast SEO plugin v27.3 - https:\/\/yoast.com\/product\/yoast-seo-wordpress\/ -->\n<title>Impressum - Samurai der Moderne<\/title>\n<meta name=\"robots\" content=\"index, follow, max-snippet:-1, max-image-preview:large, max-video-preview:-1\" \/>\n<link rel=\"canonical\" href=\"https:\/\/samurai-der-moderne.de\/?page_id=47\" \/>\n<meta property=\"og:locale\" content=\"de_DE\" \/>\n<meta property=\"og:type\" content=\"article\" \/>\n<meta property=\"og:title\" content=\"Impressum - Samurai der Moderne\" \/>\n<meta property=\"og:description\" content=\"Verantwortlich f\u00fcr den Inhalt dieser Seite: Gunnar Ehrhardt Untere Hauptstra\u00dfe 87 09241 M\u00fchlau Mobil: 0152-22712643 Mail: undo.muldental@gmail.com &nbsp; Steuernummer: 222\/215\/02055 Finanzamt Mittweida Copyright der Texte und Bilder, sofern nicht anders angegeben: Gunnar Ehrhardt\" \/>\n<meta property=\"og:url\" content=\"https:\/\/samurai-der-moderne.de\/?page_id=47\" \/>\n<meta property=\"og:site_name\" content=\"Samurai der Moderne\" \/>\n<meta property=\"article:modified_time\" content=\"2025-10-17T13:11:03+00:00\" \/>\n<meta name=\"twitter:card\" content=\"summary_large_image\" \/>\n<meta name=\"twitter:label1\" content=\"Gesch\u00e4tzte Lesezeit\" \/>\n\t<meta name=\"twitter:data1\" content=\"1\u00a0Minute\" \/>\n<script type=\"application\/ld+json\" class=\"yoast-schema-graph\">{\"@context\":\"https:\\\/\\\/schema.org\",\"@graph\":[{\"@type\":\"WebPage\",\"@id\":\"https:\\\/\\\/samurai-der-moderne.de\\\/?page_id=47\",\"url\":\"https:\\\/\\\/samurai-der-moderne.de\\\/?page_id=47\",\"name\":\"Impressum - Samurai der Moderne\",\"isPartOf\":{\"@id\":\"https:\\\/\\\/samurai-der-moderne.de\\\/#website\"},\"datePublished\":\"2025-06-03T12:28:41+00:00\",\"dateModified\":\"2025-10-17T13:11:03+00:00\",\"breadcrumb\":{\"@id\":\"https:\\\/\\\/samurai-der-moderne.de\\\/?page_id=47#breadcrumb\"},\"inLanguage\":\"de\",\"potentialAction\":[{\"@type\":\"ReadAction\",\"target\":[\"https:\\\/\\\/samurai-der-moderne.de\\\/?page_id=47\"]}]},{\"@type\":\"BreadcrumbList\",\"@id\":\"https:\\\/\\\/samurai-der-moderne.de\\\/?page_id=47#breadcrumb\",\"itemListElement\":[{\"@type\":\"ListItem\",\"position\":1,\"name\":\"Startseite\",\"item\":\"https:\\\/\\\/samurai-der-moderne.de\\\/\"},{\"@type\":\"ListItem\",\"position\":2,\"name\":\"Impressum\"}]},{\"@type\":\"WebSite\",\"@id\":\"https:\\\/\\\/samurai-der-moderne.de\\\/#website\",\"url\":\"https:\\\/\\\/samurai-der-moderne.de\\\/\",\"name\":\"Samurai der Moderne\",\"description\":\"\",\"publisher\":{\"@id\":\"https:\\\/\\\/samurai-der-moderne.de\\\/#organization\"},\"potentialAction\":[{\"@type\":\"SearchAction\",\"target\":{\"@type\":\"EntryPoint\",\"urlTemplate\":\"https:\\\/\\\/samurai-der-moderne.de\\\/?s={search_term_string}\"},\"query-input\":{\"@type\":\"PropertyValueSpecification\",\"valueRequired\":true,\"valueName\":\"search_term_string\"}}],\"inLanguage\":\"de\"},{\"@type\":\"Organization\",\"@id\":\"https:\\\/\\\/samurai-der-moderne.de\\\/#organization\",\"name\":\"Samurai der Moderne\",\"url\":\"https:\\\/\\\/samurai-der-moderne.de\\\/\",\"logo\":{\"@type\":\"ImageObject\",\"inLanguage\":\"de\",\"@id\":\"https:\\\/\\\/samurai-der-moderne.de\\\/#\\\/schema\\\/logo\\\/image\\\/\",\"url\":\"https:\\\/\\\/samurai-der-moderne.de\\\/wp-content\\\/uploads\\\/2025\\\/10\\\/cropped-logo.png\",\"contentUrl\":\"https:\\\/\\\/samurai-der-moderne.de\\\/wp-content\\\/uploads\\\/2025\\\/10\\\/cropped-logo.png\",\"width\":200,\"height\":256,\"caption\":\"Samurai der Moderne\"},\"image\":{\"@id\":\"https:\\\/\\\/samurai-der-moderne.de\\\/#\\\/schema\\\/logo\\\/image\\\/\"}}]}<\/script>\n<!-- \/ Yoast SEO plugin. -->","yoast_head_json":{"title":"Impressum - Samurai der Moderne","robots":{"index":"index","follow":"follow","max-snippet":"max-snippet:-1","max-image-preview":"max-image-preview:large","max-video-preview":"max-video-preview:-1"},"canonical":"https:\/\/samurai-der-moderne.de\/?page_id=47","og_locale":"de_DE","og_type":"article","og_title":"Impressum - Samurai der Moderne","og_description":"Verantwortlich f\u00fcr den Inhalt dieser Seite: Gunnar Ehrhardt Untere Hauptstra\u00dfe 87 09241 M\u00fchlau Mobil: 0152-22712643 Mail: undo.muldental@gmail.com &nbsp; Steuernummer: 222\/215\/02055 Finanzamt Mittweida Copyright der Texte und Bilder, sofern nicht anders angegeben: Gunnar Ehrhardt","og_url":"https:\/\/samurai-der-moderne.de\/?page_id=47","og_site_name":"Samurai der Moderne","article_modified_time":"2025-10-17T13:11:03+00:00","twitter_card":"summary_large_image","twitter_misc":{"Gesch\u00e4tzte Lesezeit":"1\u00a0Minute"},"schema":{"@context":"https:\/\/schema.org","@graph":[{"@type":"WebPage","@id":"https:\/\/samurai-der-moderne.de\/?page_id=47","url":"https:\/\/samurai-der-moderne.de\/?page_id=47","name":"Impressum - Samurai der Moderne","isPartOf":{"@id":"https:\/\/samurai-der-moderne.de\/#website"},"datePublished":"2025-06-03T12:28:41+00:00","dateModified":"2025-10-17T13:11:03+00:00","breadcrumb":{"@id":"https:\/\/samurai-der-moderne.de\/?page_id=47#breadcrumb"},"inLanguage":"de","potentialAction":[{"@type":"ReadAction","target":["https:\/\/samurai-der-moderne.de\/?page_id=47"]}]},{"@type":"BreadcrumbList","@id":"https:\/\/samurai-der-moderne.de\/?page_id=47#breadcrumb","itemListElement":[{"@type":"ListItem","position":1,"name":"Startseite","item":"https:\/\/samurai-der-moderne.de\/"},{"@type":"ListItem","position":2,"name":"Impressum"}]},{"@type":"WebSite","@id":"https:\/\/samurai-der-moderne.de\/#website","url":"https:\/\/samurai-der-moderne.de\/","name":"Samurai der Moderne","description":"","publisher":{"@id":"https:\/\/samurai-der-moderne.de\/#organization"},"potentialAction":[{"@type":"SearchAction","target":{"@type":"EntryPoint","urlTemplate":"https:\/\/samurai-der-moderne.de\/?s={search_term_string}"},"query-input":{"@type":"PropertyValueSpecification","valueRequired":true,"valueName":"search_term_string"}}],"inLanguage":"de"},{"@type":"Organization","@id":"https:\/\/samurai-der-moderne.de\/#organization","name":"Samurai der Moderne","url":"https:\/\/samurai-der-moderne.de\/","logo":{"@type":"ImageObject","inLanguage":"de","@id":"https:\/\/samurai-der-moderne.de\/#\/schema\/logo\/image\/","url":"https:\/\/samurai-der-moderne.de\/wp-content\/uploads\/2025\/10\/cropped-logo.png","contentUrl":"https:\/\/samurai-der-moderne.de\/wp-content\/uploads\/2025\/10\/cropped-logo.png","width":200,"height":256,"caption":"Samurai der Moderne"},"image":{"@id":"https:\/\/samurai-der-moderne.de\/#\/schema\/logo\/image\/"}}]}},"_links":{"self":[{"href":"https:\/\/samurai-der-moderne.de\/index.php?rest_route=\/wp\/v2\/pages\/47","targetHints":{"allow":["GET"]}}],"collection":[{"href":"https:\/\/samurai-der-moderne.de\/index.php?rest_route=\/wp\/v2\/pages"}],"about":[{"href":"https:\/\/samurai-der-moderne.de\/index.php?rest_route=\/wp\/v2\/types\/page"}],"author":[{"embeddable":true,"href":"https:\/\/samurai-der-moderne.de\/index.php?rest_route=\/wp\/v2\/users\/1"}],"replies":[{"embeddable":true,"href":"https:\/\/samurai-der-moderne.de\/index.php?rest_route=%2Fwp%2Fv2%2Fcomments&post=47"}],"version-history":[{"count":2,"href":"https:\/\/samurai-der-moderne.de\/index.php?rest_route=\/wp\/v2\/pages\/47\/revisions"}],"predecessor-version":[{"id":116,"href":"https:\/\/samurai-der-moderne.de\/index.php?rest_route=\/wp\/v2\/pages\/47\/revisions\/116"}],"wp:attachment":[{"href":"https:\/\/samurai-der-moderne.de\/index.php?rest_route=%2Fwp%2Fv2%2Fmedia&parent=47"}],"curies":[{"name":"wp","href":"https:\/\/api.w.org\/{rel}","templated":true}]}}