{"id":42,"date":"2025-06-03T12:25:03","date_gmt":"2025-06-03T12:25:03","guid":{"rendered":"https:\/\/samurai-der-moderne.de\/?page_id=42"},"modified":"2025-06-03T12:25:03","modified_gmt":"2025-06-03T12:25:03","slug":"agb","status":"publish","type":"page","link":"https:\/\/samurai-der-moderne.de\/?page_id=42","title":{"rendered":"AGB"},"content":{"rendered":"<p>Allgemeine Gesch\u00e4ftsbedingungen (AGB\u2019s)\/ Hausordnung des Und\u00f4 Kampfkunst- und Entspannungszentrum im Muldental (Und\u00f4 Muldental) Inhaber: Gunnar Ehrhardt<\/p>\n<p>1. Geltungsbereich Nachfolgende Regelungen gelten f\u00fcr alle Teilnehmer an Kursen\/ Trainingseinheiten des o.g. Anbieters und an allen hierf\u00fcr genutzten Standorten sowie f\u00fcr alle Vertragspartner des Anbieters, welche von diesen Waren beziehen. Sofern der Anbieter im Auftrag oder als Erf\u00fcllungsgehilfe anderer Unternehmen oder Kooperationspartner in Erscheinung tritt, haben deren Regelungen\/ Allgemeinen Gesch\u00e4ftsbedingungen vor den hier aufgef\u00fchrten Regelungen Vorrang.<\/p>\n","protected":false},"excerpt":{"rendered":"<p>Allgemeine Gesch\u00e4ftsbedingungen (AGB\u2019s)\/ Hausordnung des Und\u00f4 Kampfkunst- und Entspannungszentrum im Muldental (Und\u00f4 Muldental) Inhaber: Gunnar Ehrhardt 1. Geltungsbereich Nachfolgende Regelungen gelten f\u00fcr alle Teilnehmer an Kursen\/ Trainingseinheiten des o.g. Anbieters und an allen hierf\u00fcr genutzten Standorten sowie f\u00fcr alle Vertragspartner des Anbieters, welche von diesen Waren beziehen. Sofern der Anbieter im Auftrag oder als Erf\u00fcllungsgehilfe [&hellip;]<\/p>\n","protected":false},"author":1,"featured_media":0,"parent":0,"menu_order":0,"comment_status":"closed","ping_status":"closed","template":"","meta":{"footnotes":""},"class_list":["post-42","page","type-page","status-publish","hentry"],"yoast_head":"<!-- This site is optimized with the Yoast SEO plugin v27.3 - https:\/\/yoast.com\/product\/yoast-seo-wordpress\/ -->\n<title>AGB - Samurai der Moderne<\/title>\n<meta name=\"robots\" content=\"index, follow, max-snippet:-1, max-image-preview:large, max-video-preview:-1\" \/>\n<link rel=\"canonical\" href=\"https:\/\/samurai-der-moderne.de\/?page_id=42\" \/>\n<meta property=\"og:locale\" content=\"de_DE\" \/>\n<meta property=\"og:type\" content=\"article\" \/>\n<meta property=\"og:title\" content=\"AGB - Samurai der Moderne\" \/>\n<meta property=\"og:description\" content=\"Allgemeine Gesch\u00e4ftsbedingungen (AGB\u2019s)\/ Hausordnung des Und\u00f4 Kampfkunst- und Entspannungszentrum im Muldental (Und\u00f4 Muldental) Inhaber: Gunnar Ehrhardt 1. Geltungsbereich Nachfolgende Regelungen gelten f\u00fcr alle Teilnehmer an Kursen\/ Trainingseinheiten des o.g. Anbieters und an allen hierf\u00fcr genutzten Standorten sowie f\u00fcr alle Vertragspartner des Anbieters, welche von diesen Waren beziehen. Sofern der Anbieter im Auftrag oder als Erf\u00fcllungsgehilfe [&hellip;]\" \/>\n<meta property=\"og:url\" content=\"https:\/\/samurai-der-moderne.de\/?page_id=42\" \/>\n<meta property=\"og:site_name\" content=\"Samurai der Moderne\" \/>\n<meta name=\"twitter:card\" content=\"summary_large_image\" \/>\n<script type=\"application\/ld+json\" class=\"yoast-schema-graph\">{\"@context\":\"https:\\\/\\\/schema.org\",\"@graph\":[{\"@type\":\"WebPage\",\"@id\":\"https:\\\/\\\/samurai-der-moderne.de\\\/?page_id=42\",\"url\":\"https:\\\/\\\/samurai-der-moderne.de\\\/?page_id=42\",\"name\":\"AGB - Samurai der Moderne\",\"isPartOf\":{\"@id\":\"https:\\\/\\\/samurai-der-moderne.de\\\/#website\"},\"datePublished\":\"2025-06-03T12:25:03+00:00\",\"breadcrumb\":{\"@id\":\"https:\\\/\\\/samurai-der-moderne.de\\\/?page_id=42#breadcrumb\"},\"inLanguage\":\"de\",\"potentialAction\":[{\"@type\":\"ReadAction\",\"target\":[\"https:\\\/\\\/samurai-der-moderne.de\\\/?page_id=42\"]}]},{\"@type\":\"BreadcrumbList\",\"@id\":\"https:\\\/\\\/samurai-der-moderne.de\\\/?page_id=42#breadcrumb\",\"itemListElement\":[{\"@type\":\"ListItem\",\"position\":1,\"name\":\"Startseite\",\"item\":\"https:\\\/\\\/samurai-der-moderne.de\\\/\"},{\"@type\":\"ListItem\",\"position\":2,\"name\":\"AGB\"}]},{\"@type\":\"WebSite\",\"@id\":\"https:\\\/\\\/samurai-der-moderne.de\\\/#website\",\"url\":\"https:\\\/\\\/samurai-der-moderne.de\\\/\",\"name\":\"Samurai der Moderne\",\"description\":\"\",\"publisher\":{\"@id\":\"https:\\\/\\\/samurai-der-moderne.de\\\/#organization\"},\"potentialAction\":[{\"@type\":\"SearchAction\",\"target\":{\"@type\":\"EntryPoint\",\"urlTemplate\":\"https:\\\/\\\/samurai-der-moderne.de\\\/?s={search_term_string}\"},\"query-input\":{\"@type\":\"PropertyValueSpecification\",\"valueRequired\":true,\"valueName\":\"search_term_string\"}}],\"inLanguage\":\"de\"},{\"@type\":\"Organization\",\"@id\":\"https:\\\/\\\/samurai-der-moderne.de\\\/#organization\",\"name\":\"Samurai der Moderne\",\"url\":\"https:\\\/\\\/samurai-der-moderne.de\\\/\",\"logo\":{\"@type\":\"ImageObject\",\"inLanguage\":\"de\",\"@id\":\"https:\\\/\\\/samurai-der-moderne.de\\\/#\\\/schema\\\/logo\\\/image\\\/\",\"url\":\"https:\\\/\\\/samurai-der-moderne.de\\\/wp-content\\\/uploads\\\/2025\\\/10\\\/cropped-logo.png\",\"contentUrl\":\"https:\\\/\\\/samurai-der-moderne.de\\\/wp-content\\\/uploads\\\/2025\\\/10\\\/cropped-logo.png\",\"width\":200,\"height\":256,\"caption\":\"Samurai der Moderne\"},\"image\":{\"@id\":\"https:\\\/\\\/samurai-der-moderne.de\\\/#\\\/schema\\\/logo\\\/image\\\/\"}}]}<\/script>\n<!-- \/ Yoast SEO plugin. -->","yoast_head_json":{"title":"AGB - Samurai der Moderne","robots":{"index":"index","follow":"follow","max-snippet":"max-snippet:-1","max-image-preview":"max-image-preview:large","max-video-preview":"max-video-preview:-1"},"canonical":"https:\/\/samurai-der-moderne.de\/?page_id=42","og_locale":"de_DE","og_type":"article","og_title":"AGB - Samurai der Moderne","og_description":"Allgemeine Gesch\u00e4ftsbedingungen (AGB\u2019s)\/ Hausordnung des Und\u00f4 Kampfkunst- und Entspannungszentrum im Muldental (Und\u00f4 Muldental) Inhaber: Gunnar Ehrhardt 1. Geltungsbereich Nachfolgende Regelungen gelten f\u00fcr alle Teilnehmer an Kursen\/ Trainingseinheiten des o.g. Anbieters und an allen hierf\u00fcr genutzten Standorten sowie f\u00fcr alle Vertragspartner des Anbieters, welche von diesen Waren beziehen. Sofern der Anbieter im Auftrag oder als Erf\u00fcllungsgehilfe [&hellip;]","og_url":"https:\/\/samurai-der-moderne.de\/?page_id=42","og_site_name":"Samurai der Moderne","twitter_card":"summary_large_image","schema":{"@context":"https:\/\/schema.org","@graph":[{"@type":"WebPage","@id":"https:\/\/samurai-der-moderne.de\/?page_id=42","url":"https:\/\/samurai-der-moderne.de\/?page_id=42","name":"AGB - Samurai der Moderne","isPartOf":{"@id":"https:\/\/samurai-der-moderne.de\/#website"},"datePublished":"2025-06-03T12:25:03+00:00","breadcrumb":{"@id":"https:\/\/samurai-der-moderne.de\/?page_id=42#breadcrumb"},"inLanguage":"de","potentialAction":[{"@type":"ReadAction","target":["https:\/\/samurai-der-moderne.de\/?page_id=42"]}]},{"@type":"BreadcrumbList","@id":"https:\/\/samurai-der-moderne.de\/?page_id=42#breadcrumb","itemListElement":[{"@type":"ListItem","position":1,"name":"Startseite","item":"https:\/\/samurai-der-moderne.de\/"},{"@type":"ListItem","position":2,"name":"AGB"}]},{"@type":"WebSite","@id":"https:\/\/samurai-der-moderne.de\/#website","url":"https:\/\/samurai-der-moderne.de\/","name":"Samurai der Moderne","description":"","publisher":{"@id":"https:\/\/samurai-der-moderne.de\/#organization"},"potentialAction":[{"@type":"SearchAction","target":{"@type":"EntryPoint","urlTemplate":"https:\/\/samurai-der-moderne.de\/?s={search_term_string}"},"query-input":{"@type":"PropertyValueSpecification","valueRequired":true,"valueName":"search_term_string"}}],"inLanguage":"de"},{"@type":"Organization","@id":"https:\/\/samurai-der-moderne.de\/#organization","name":"Samurai der Moderne","url":"https:\/\/samurai-der-moderne.de\/","logo":{"@type":"ImageObject","inLanguage":"de","@id":"https:\/\/samurai-der-moderne.de\/#\/schema\/logo\/image\/","url":"https:\/\/samurai-der-moderne.de\/wp-content\/uploads\/2025\/10\/cropped-logo.png","contentUrl":"https:\/\/samurai-der-moderne.de\/wp-content\/uploads\/2025\/10\/cropped-logo.png","width":200,"height":256,"caption":"Samurai der Moderne"},"image":{"@id":"https:\/\/samurai-der-moderne.de\/#\/schema\/logo\/image\/"}}]}},"_links":{"self":[{"href":"https:\/\/samurai-der-moderne.de\/index.php?rest_route=\/wp\/v2\/pages\/42","targetHints":{"allow":["GET"]}}],"collection":[{"href":"https:\/\/samurai-der-moderne.de\/index.php?rest_route=\/wp\/v2\/pages"}],"about":[{"href":"https:\/\/samurai-der-moderne.de\/index.php?rest_route=\/wp\/v2\/types\/page"}],"author":[{"embeddable":true,"href":"https:\/\/samurai-der-moderne.de\/index.php?rest_route=\/wp\/v2\/users\/1"}],"replies":[{"embeddable":true,"href":"https:\/\/samurai-der-moderne.de\/index.php?rest_route=%2Fwp%2Fv2%2Fcomments&post=42"}],"version-history":[{"count":1,"href":"https:\/\/samurai-der-moderne.de\/index.php?rest_route=\/wp\/v2\/pages\/42\/revisions"}],"predecessor-version":[{"id":43,"href":"https:\/\/samurai-der-moderne.de\/index.php?rest_route=\/wp\/v2\/pages\/42\/revisions\/43"}],"wp:attachment":[{"href":"https:\/\/samurai-der-moderne.de\/index.php?rest_route=%2Fwp%2Fv2%2Fmedia&parent=42"}],"curies":[{"name":"wp","href":"https:\/\/api.w.org\/{rel}","templated":true}]}}