{"id":39,"date":"2025-06-03T12:23:56","date_gmt":"2025-06-03T12:23:56","guid":{"rendered":"https:\/\/samurai-der-moderne.de\/?page_id=39"},"modified":"2025-10-17T13:08:32","modified_gmt":"2025-10-17T13:08:32","slug":"unterrichtszeiten-termine","status":"publish","type":"page","link":"https:\/\/samurai-der-moderne.de\/?page_id=39","title":{"rendered":"Unterrichtszeiten \/ Termine"},"content":{"rendered":"<p>Das Training im entsprechenden Kurs findet jede Woche im Landgutweg 16 in 09322 Penig statt. Neben den hier angef\u00fchrten Terminen werden auch Intensivtrainings in allen Kursen angeboten. Falls Sie Informationen zum n\u00e4chsten Intensivtrainings-Termin w\u00fcnschen, kontaktieren Sie uns bitte per E-Mail.<\/p>\n<p>&nbsp;<\/p>\n<p><strong>Trainingszeiten Selbstverteidigung \/ Jiu Jitsu<\/strong><\/p>\n<p>Donnerstag, 17:00 &#8211; 18:00 Uhr<\/p>\n<p>Sonntag, 10:00 &#8211; 11:00 Uhr<\/p>\n<p>&nbsp;<\/p>\n<p><strong>Trainingszeiten Samurai-Schwertkunst \/ Iaido<\/strong><\/p>\n<p>Montag, 18:00 &#8211; 19:00 Uhr<\/p>\n<p>&nbsp;<\/p>\n<p><strong>Trainingszeiten Philippinisches Stockfechten \/ Arnis<\/strong><\/p>\n<p>Sonntag, 11:00 &#8211; 12:00 Uhr<\/p>\n","protected":false},"excerpt":{"rendered":"<p>Das Training im entsprechenden Kurs findet jede Woche im Landgutweg 16 in 09322 Penig statt. Neben den hier angef\u00fchrten Terminen werden auch Intensivtrainings in allen Kursen angeboten. Falls Sie Informationen zum n\u00e4chsten Intensivtrainings-Termin w\u00fcnschen, kontaktieren Sie uns bitte per E-Mail. &nbsp; Trainingszeiten Selbstverteidigung \/ Jiu Jitsu Donnerstag, 17:00 &#8211; 18:00 Uhr Sonntag, 10:00 &#8211; 11:00 [&hellip;]<\/p>\n","protected":false},"author":1,"featured_media":0,"parent":0,"menu_order":0,"comment_status":"closed","ping_status":"closed","template":"","meta":{"footnotes":""},"class_list":["post-39","page","type-page","status-publish","hentry"],"yoast_head":"<!-- This site is optimized with the Yoast SEO plugin v27.3 - https:\/\/yoast.com\/product\/yoast-seo-wordpress\/ -->\n<title>Unterrichtszeiten \/ Termine - Samurai der Moderne<\/title>\n<meta name=\"robots\" content=\"index, follow, max-snippet:-1, max-image-preview:large, max-video-preview:-1\" \/>\n<link rel=\"canonical\" href=\"https:\/\/samurai-der-moderne.de\/?page_id=39\" \/>\n<meta property=\"og:locale\" content=\"de_DE\" \/>\n<meta property=\"og:type\" content=\"article\" \/>\n<meta property=\"og:title\" content=\"Unterrichtszeiten \/ Termine - Samurai der Moderne\" \/>\n<meta property=\"og:description\" content=\"Das Training im entsprechenden Kurs findet jede Woche im Landgutweg 16 in 09322 Penig statt. Neben den hier angef\u00fchrten Terminen werden auch Intensivtrainings in allen Kursen angeboten. Falls Sie Informationen zum n\u00e4chsten Intensivtrainings-Termin w\u00fcnschen, kontaktieren Sie uns bitte per E-Mail. &nbsp; Trainingszeiten Selbstverteidigung \/ Jiu Jitsu Donnerstag, 17:00 &#8211; 18:00 Uhr Sonntag, 10:00 &#8211; 11:00 [&hellip;]\" \/>\n<meta property=\"og:url\" content=\"https:\/\/samurai-der-moderne.de\/?page_id=39\" \/>\n<meta property=\"og:site_name\" content=\"Samurai der Moderne\" \/>\n<meta property=\"article:modified_time\" content=\"2025-10-17T13:08:32+00:00\" \/>\n<meta name=\"twitter:card\" content=\"summary_large_image\" \/>\n<meta name=\"twitter:label1\" content=\"Gesch\u00e4tzte Lesezeit\" \/>\n\t<meta name=\"twitter:data1\" content=\"1\u00a0Minute\" \/>\n<script type=\"application\/ld+json\" class=\"yoast-schema-graph\">{\"@context\":\"https:\\\/\\\/schema.org\",\"@graph\":[{\"@type\":\"WebPage\",\"@id\":\"https:\\\/\\\/samurai-der-moderne.de\\\/?page_id=39\",\"url\":\"https:\\\/\\\/samurai-der-moderne.de\\\/?page_id=39\",\"name\":\"Unterrichtszeiten \\\/ Termine - Samurai der Moderne\",\"isPartOf\":{\"@id\":\"https:\\\/\\\/samurai-der-moderne.de\\\/#website\"},\"datePublished\":\"2025-06-03T12:23:56+00:00\",\"dateModified\":\"2025-10-17T13:08:32+00:00\",\"breadcrumb\":{\"@id\":\"https:\\\/\\\/samurai-der-moderne.de\\\/?page_id=39#breadcrumb\"},\"inLanguage\":\"de\",\"potentialAction\":[{\"@type\":\"ReadAction\",\"target\":[\"https:\\\/\\\/samurai-der-moderne.de\\\/?page_id=39\"]}]},{\"@type\":\"BreadcrumbList\",\"@id\":\"https:\\\/\\\/samurai-der-moderne.de\\\/?page_id=39#breadcrumb\",\"itemListElement\":[{\"@type\":\"ListItem\",\"position\":1,\"name\":\"Startseite\",\"item\":\"https:\\\/\\\/samurai-der-moderne.de\\\/\"},{\"@type\":\"ListItem\",\"position\":2,\"name\":\"Unterrichtszeiten \\\/ Termine\"}]},{\"@type\":\"WebSite\",\"@id\":\"https:\\\/\\\/samurai-der-moderne.de\\\/#website\",\"url\":\"https:\\\/\\\/samurai-der-moderne.de\\\/\",\"name\":\"Samurai der Moderne\",\"description\":\"\",\"publisher\":{\"@id\":\"https:\\\/\\\/samurai-der-moderne.de\\\/#organization\"},\"potentialAction\":[{\"@type\":\"SearchAction\",\"target\":{\"@type\":\"EntryPoint\",\"urlTemplate\":\"https:\\\/\\\/samurai-der-moderne.de\\\/?s={search_term_string}\"},\"query-input\":{\"@type\":\"PropertyValueSpecification\",\"valueRequired\":true,\"valueName\":\"search_term_string\"}}],\"inLanguage\":\"de\"},{\"@type\":\"Organization\",\"@id\":\"https:\\\/\\\/samurai-der-moderne.de\\\/#organization\",\"name\":\"Samurai der Moderne\",\"url\":\"https:\\\/\\\/samurai-der-moderne.de\\\/\",\"logo\":{\"@type\":\"ImageObject\",\"inLanguage\":\"de\",\"@id\":\"https:\\\/\\\/samurai-der-moderne.de\\\/#\\\/schema\\\/logo\\\/image\\\/\",\"url\":\"https:\\\/\\\/samurai-der-moderne.de\\\/wp-content\\\/uploads\\\/2025\\\/10\\\/cropped-logo.png\",\"contentUrl\":\"https:\\\/\\\/samurai-der-moderne.de\\\/wp-content\\\/uploads\\\/2025\\\/10\\\/cropped-logo.png\",\"width\":200,\"height\":256,\"caption\":\"Samurai der Moderne\"},\"image\":{\"@id\":\"https:\\\/\\\/samurai-der-moderne.de\\\/#\\\/schema\\\/logo\\\/image\\\/\"}}]}<\/script>\n<!-- \/ Yoast SEO plugin. -->","yoast_head_json":{"title":"Unterrichtszeiten \/ Termine - Samurai der Moderne","robots":{"index":"index","follow":"follow","max-snippet":"max-snippet:-1","max-image-preview":"max-image-preview:large","max-video-preview":"max-video-preview:-1"},"canonical":"https:\/\/samurai-der-moderne.de\/?page_id=39","og_locale":"de_DE","og_type":"article","og_title":"Unterrichtszeiten \/ Termine - Samurai der Moderne","og_description":"Das Training im entsprechenden Kurs findet jede Woche im Landgutweg 16 in 09322 Penig statt. Neben den hier angef\u00fchrten Terminen werden auch Intensivtrainings in allen Kursen angeboten. Falls Sie Informationen zum n\u00e4chsten Intensivtrainings-Termin w\u00fcnschen, kontaktieren Sie uns bitte per E-Mail. &nbsp; Trainingszeiten Selbstverteidigung \/ Jiu Jitsu Donnerstag, 17:00 &#8211; 18:00 Uhr Sonntag, 10:00 &#8211; 11:00 [&hellip;]","og_url":"https:\/\/samurai-der-moderne.de\/?page_id=39","og_site_name":"Samurai der Moderne","article_modified_time":"2025-10-17T13:08:32+00:00","twitter_card":"summary_large_image","twitter_misc":{"Gesch\u00e4tzte Lesezeit":"1\u00a0Minute"},"schema":{"@context":"https:\/\/schema.org","@graph":[{"@type":"WebPage","@id":"https:\/\/samurai-der-moderne.de\/?page_id=39","url":"https:\/\/samurai-der-moderne.de\/?page_id=39","name":"Unterrichtszeiten \/ Termine - Samurai der Moderne","isPartOf":{"@id":"https:\/\/samurai-der-moderne.de\/#website"},"datePublished":"2025-06-03T12:23:56+00:00","dateModified":"2025-10-17T13:08:32+00:00","breadcrumb":{"@id":"https:\/\/samurai-der-moderne.de\/?page_id=39#breadcrumb"},"inLanguage":"de","potentialAction":[{"@type":"ReadAction","target":["https:\/\/samurai-der-moderne.de\/?page_id=39"]}]},{"@type":"BreadcrumbList","@id":"https:\/\/samurai-der-moderne.de\/?page_id=39#breadcrumb","itemListElement":[{"@type":"ListItem","position":1,"name":"Startseite","item":"https:\/\/samurai-der-moderne.de\/"},{"@type":"ListItem","position":2,"name":"Unterrichtszeiten \/ Termine"}]},{"@type":"WebSite","@id":"https:\/\/samurai-der-moderne.de\/#website","url":"https:\/\/samurai-der-moderne.de\/","name":"Samurai der Moderne","description":"","publisher":{"@id":"https:\/\/samurai-der-moderne.de\/#organization"},"potentialAction":[{"@type":"SearchAction","target":{"@type":"EntryPoint","urlTemplate":"https:\/\/samurai-der-moderne.de\/?s={search_term_string}"},"query-input":{"@type":"PropertyValueSpecification","valueRequired":true,"valueName":"search_term_string"}}],"inLanguage":"de"},{"@type":"Organization","@id":"https:\/\/samurai-der-moderne.de\/#organization","name":"Samurai der Moderne","url":"https:\/\/samurai-der-moderne.de\/","logo":{"@type":"ImageObject","inLanguage":"de","@id":"https:\/\/samurai-der-moderne.de\/#\/schema\/logo\/image\/","url":"https:\/\/samurai-der-moderne.de\/wp-content\/uploads\/2025\/10\/cropped-logo.png","contentUrl":"https:\/\/samurai-der-moderne.de\/wp-content\/uploads\/2025\/10\/cropped-logo.png","width":200,"height":256,"caption":"Samurai der Moderne"},"image":{"@id":"https:\/\/samurai-der-moderne.de\/#\/schema\/logo\/image\/"}}]}},"_links":{"self":[{"href":"https:\/\/samurai-der-moderne.de\/index.php?rest_route=\/wp\/v2\/pages\/39","targetHints":{"allow":["GET"]}}],"collection":[{"href":"https:\/\/samurai-der-moderne.de\/index.php?rest_route=\/wp\/v2\/pages"}],"about":[{"href":"https:\/\/samurai-der-moderne.de\/index.php?rest_route=\/wp\/v2\/types\/page"}],"author":[{"embeddable":true,"href":"https:\/\/samurai-der-moderne.de\/index.php?rest_route=\/wp\/v2\/users\/1"}],"replies":[{"embeddable":true,"href":"https:\/\/samurai-der-moderne.de\/index.php?rest_route=%2Fwp%2Fv2%2Fcomments&post=39"}],"version-history":[{"count":3,"href":"https:\/\/samurai-der-moderne.de\/index.php?rest_route=\/wp\/v2\/pages\/39\/revisions"}],"predecessor-version":[{"id":114,"href":"https:\/\/samurai-der-moderne.de\/index.php?rest_route=\/wp\/v2\/pages\/39\/revisions\/114"}],"wp:attachment":[{"href":"https:\/\/samurai-der-moderne.de\/index.php?rest_route=%2Fwp%2Fv2%2Fmedia&parent=39"}],"curies":[{"name":"wp","href":"https:\/\/api.w.org\/{rel}","templated":true}]}}