{"id":37,"date":"2025-06-03T12:23:20","date_gmt":"2025-06-03T12:23:20","guid":{"rendered":"https:\/\/samurai-der-moderne.de\/?page_id=37"},"modified":"2025-10-17T13:12:52","modified_gmt":"2025-10-17T13:12:52","slug":"inhaber","status":"publish","type":"page","link":"https:\/\/samurai-der-moderne.de\/?page_id=37","title":{"rendered":"Inhaber"},"content":{"rendered":"<p><strong>Gunnar Ehrhardt<\/strong><\/p>\n<p><img loading=\"lazy\" decoding=\"async\" class=\"alignnone size-full wp-image-93\" src=\"https:\/\/samurai-der-moderne.de\/wp-content\/uploads\/2025\/10\/Gunnar2.jpg\" alt=\"\" width=\"583\" height=\"640\" srcset=\"https:\/\/samurai-der-moderne.de\/wp-content\/uploads\/2025\/10\/Gunnar2.jpg 583w, https:\/\/samurai-der-moderne.de\/wp-content\/uploads\/2025\/10\/Gunnar2-273x300.jpg 273w\" sizes=\"auto, (max-width: 583px) 100vw, 583px\" \/><\/p>\n<p>Gunnar Ehrhardt, Firmen-Coach, Seminarleiter und Dozent, praktiziert und erforscht seit \u00fcber 30 Jahren Kampfkunst ist dabei direkter Sch\u00fcler japanischer Gro\u00dfmeister wie dem legend\u00e4ren Shizuya Sato, Tose Keiji und Kohno Akikazu.<\/p>\n<p>Zu seinen Hauptdisziplinen geh\u00f6ren u.a.:<\/p>\n<ul>\n<li>Selbstverteidigung \u2013 Jiu Jitsu (8. Dan)<\/li>\n<li>Japanische Schwertkunst \u2013 Iai-Do (6. Dan Renshi)<\/li>\n<li>Japanische Waffenkunst \u2013 Kobudo (4. Dan)<\/li>\n<li>Philippinische Kampfkunst \u2013 Arnis\/Escrima (7. Dan)<\/li>\n<\/ul>\n<p>Er ist Lehrer in der chinesischen Entspannungskunst Tai Chi.<\/p>\n<p>Schon als Kind fing er an Kampfkunst zu lernen \u2013 sein Sportlehrer erkannte sein Talent und f\u00f6rderte es ausgiebig, was in der damaligen Zeit durchaus nicht gew\u00f6hnlich war.<\/p>\n<p>Gunnar Ehrhardt war langj\u00e4hriges Mitglied der Nationalmannschaft, bereiste Japan oft zu Studien-, Trainings- und Wettkampfzwecken und ist Gewinner zahlreicher Meisterschaften. So ist er 4-maliger Weltcupsieger in Japan, 14-maliger Europameister und 13-maliger Deutscher Meister.<\/p>\n<p>Durch die Shogunatsfamilie erhielt er den Ehrentitel &#8222;Renshi&#8220; direkt aus den H\u00e4nden des japanischen F\u00fcrsten Tokugawa Yasuhisa.<\/p>\n<p>Generationen von Sch\u00fclern hat er bereits ausgebildet.<\/p>\n<p>In Form von Seminaren unterrichtet er Erwachsene, zumeist F\u00fchrungskr\u00e4fte mit und ohne Personalverantwortung.<\/p>\n<p>Eine wesentliche Herzenssache ist die Weitergabe von Wissen und Werten der Kampfk\u00fcnste, besonders die F\u00f6rderung von Kindern und Familien.<\/p>\n<p><strong>Die wichtigsten Erfolge:<\/strong><\/p>\n<p data-type=\"content\">4 x Weltcup-Gewinner in Japan<br \/>\n4 x Vize-Weltcup-Gewinner in Japan<br \/>\n14 x Europameister<br \/>\n11 x Vize-Europameister<br \/>\n13 x Deutscher Meister<br \/>\n13 x Vize-Deutscher Meister in verschiedenen Budodisziplinen<\/p>\n","protected":false},"excerpt":{"rendered":"<p>Gunnar Ehrhardt Gunnar Ehrhardt, Firmen-Coach, Seminarleiter und Dozent, praktiziert und erforscht seit \u00fcber 30 Jahren Kampfkunst ist dabei direkter Sch\u00fcler japanischer Gro\u00dfmeister wie dem legend\u00e4ren Shizuya Sato, Tose Keiji und Kohno Akikazu. Zu seinen Hauptdisziplinen geh\u00f6ren u.a.: Selbstverteidigung \u2013 Jiu Jitsu (8. Dan) Japanische Schwertkunst \u2013 Iai-Do (6. Dan Renshi) Japanische Waffenkunst \u2013 Kobudo (4. [&hellip;]<\/p>\n","protected":false},"author":1,"featured_media":0,"parent":0,"menu_order":0,"comment_status":"closed","ping_status":"closed","template":"","meta":{"footnotes":""},"class_list":["post-37","page","type-page","status-publish","hentry"],"yoast_head":"<!-- This site is optimized with the Yoast SEO plugin v27.3 - https:\/\/yoast.com\/product\/yoast-seo-wordpress\/ -->\n<title>Inhaber - Samurai der Moderne<\/title>\n<meta name=\"robots\" content=\"index, follow, max-snippet:-1, max-image-preview:large, max-video-preview:-1\" \/>\n<link rel=\"canonical\" href=\"https:\/\/samurai-der-moderne.de\/?page_id=37\" \/>\n<meta property=\"og:locale\" content=\"de_DE\" \/>\n<meta property=\"og:type\" content=\"article\" \/>\n<meta property=\"og:title\" content=\"Inhaber - Samurai der Moderne\" \/>\n<meta property=\"og:description\" content=\"Gunnar Ehrhardt Gunnar Ehrhardt, Firmen-Coach, Seminarleiter und Dozent, praktiziert und erforscht seit \u00fcber 30 Jahren Kampfkunst ist dabei direkter Sch\u00fcler japanischer Gro\u00dfmeister wie dem legend\u00e4ren Shizuya Sato, Tose Keiji und Kohno Akikazu. Zu seinen Hauptdisziplinen geh\u00f6ren u.a.: Selbstverteidigung \u2013 Jiu Jitsu (8. Dan) Japanische Schwertkunst \u2013 Iai-Do (6. Dan Renshi) Japanische Waffenkunst \u2013 Kobudo (4. [&hellip;]\" \/>\n<meta property=\"og:url\" content=\"https:\/\/samurai-der-moderne.de\/?page_id=37\" \/>\n<meta property=\"og:site_name\" content=\"Samurai der Moderne\" \/>\n<meta property=\"article:modified_time\" content=\"2025-10-17T13:12:52+00:00\" \/>\n<meta property=\"og:image\" content=\"https:\/\/samurai-der-moderne.de\/wp-content\/uploads\/2025\/10\/Gunnar2.jpg\" \/>\n\t<meta property=\"og:image:width\" content=\"583\" \/>\n\t<meta property=\"og:image:height\" content=\"640\" \/>\n\t<meta property=\"og:image:type\" content=\"image\/jpeg\" \/>\n<meta name=\"twitter:card\" content=\"summary_large_image\" \/>\n<meta name=\"twitter:label1\" content=\"Gesch\u00e4tzte Lesezeit\" \/>\n\t<meta name=\"twitter:data1\" content=\"2\u00a0Minuten\" \/>\n<script type=\"application\/ld+json\" class=\"yoast-schema-graph\">{\"@context\":\"https:\\\/\\\/schema.org\",\"@graph\":[{\"@type\":\"WebPage\",\"@id\":\"https:\\\/\\\/samurai-der-moderne.de\\\/?page_id=37\",\"url\":\"https:\\\/\\\/samurai-der-moderne.de\\\/?page_id=37\",\"name\":\"Inhaber - Samurai der Moderne\",\"isPartOf\":{\"@id\":\"https:\\\/\\\/samurai-der-moderne.de\\\/#website\"},\"primaryImageOfPage\":{\"@id\":\"https:\\\/\\\/samurai-der-moderne.de\\\/?page_id=37#primaryimage\"},\"image\":{\"@id\":\"https:\\\/\\\/samurai-der-moderne.de\\\/?page_id=37#primaryimage\"},\"thumbnailUrl\":\"https:\\\/\\\/samurai-der-moderne.de\\\/wp-content\\\/uploads\\\/2025\\\/10\\\/Gunnar2.jpg\",\"datePublished\":\"2025-06-03T12:23:20+00:00\",\"dateModified\":\"2025-10-17T13:12:52+00:00\",\"breadcrumb\":{\"@id\":\"https:\\\/\\\/samurai-der-moderne.de\\\/?page_id=37#breadcrumb\"},\"inLanguage\":\"de\",\"potentialAction\":[{\"@type\":\"ReadAction\",\"target\":[\"https:\\\/\\\/samurai-der-moderne.de\\\/?page_id=37\"]}]},{\"@type\":\"ImageObject\",\"inLanguage\":\"de\",\"@id\":\"https:\\\/\\\/samurai-der-moderne.de\\\/?page_id=37#primaryimage\",\"url\":\"https:\\\/\\\/samurai-der-moderne.de\\\/wp-content\\\/uploads\\\/2025\\\/10\\\/Gunnar2.jpg\",\"contentUrl\":\"https:\\\/\\\/samurai-der-moderne.de\\\/wp-content\\\/uploads\\\/2025\\\/10\\\/Gunnar2.jpg\",\"width\":583,\"height\":640},{\"@type\":\"BreadcrumbList\",\"@id\":\"https:\\\/\\\/samurai-der-moderne.de\\\/?page_id=37#breadcrumb\",\"itemListElement\":[{\"@type\":\"ListItem\",\"position\":1,\"name\":\"Startseite\",\"item\":\"https:\\\/\\\/samurai-der-moderne.de\\\/\"},{\"@type\":\"ListItem\",\"position\":2,\"name\":\"Inhaber\"}]},{\"@type\":\"WebSite\",\"@id\":\"https:\\\/\\\/samurai-der-moderne.de\\\/#website\",\"url\":\"https:\\\/\\\/samurai-der-moderne.de\\\/\",\"name\":\"Samurai der Moderne\",\"description\":\"\",\"publisher\":{\"@id\":\"https:\\\/\\\/samurai-der-moderne.de\\\/#organization\"},\"potentialAction\":[{\"@type\":\"SearchAction\",\"target\":{\"@type\":\"EntryPoint\",\"urlTemplate\":\"https:\\\/\\\/samurai-der-moderne.de\\\/?s={search_term_string}\"},\"query-input\":{\"@type\":\"PropertyValueSpecification\",\"valueRequired\":true,\"valueName\":\"search_term_string\"}}],\"inLanguage\":\"de\"},{\"@type\":\"Organization\",\"@id\":\"https:\\\/\\\/samurai-der-moderne.de\\\/#organization\",\"name\":\"Samurai der Moderne\",\"url\":\"https:\\\/\\\/samurai-der-moderne.de\\\/\",\"logo\":{\"@type\":\"ImageObject\",\"inLanguage\":\"de\",\"@id\":\"https:\\\/\\\/samurai-der-moderne.de\\\/#\\\/schema\\\/logo\\\/image\\\/\",\"url\":\"https:\\\/\\\/samurai-der-moderne.de\\\/wp-content\\\/uploads\\\/2025\\\/10\\\/cropped-logo.png\",\"contentUrl\":\"https:\\\/\\\/samurai-der-moderne.de\\\/wp-content\\\/uploads\\\/2025\\\/10\\\/cropped-logo.png\",\"width\":200,\"height\":256,\"caption\":\"Samurai der Moderne\"},\"image\":{\"@id\":\"https:\\\/\\\/samurai-der-moderne.de\\\/#\\\/schema\\\/logo\\\/image\\\/\"}}]}<\/script>\n<!-- \/ Yoast SEO plugin. -->","yoast_head_json":{"title":"Inhaber - Samurai der Moderne","robots":{"index":"index","follow":"follow","max-snippet":"max-snippet:-1","max-image-preview":"max-image-preview:large","max-video-preview":"max-video-preview:-1"},"canonical":"https:\/\/samurai-der-moderne.de\/?page_id=37","og_locale":"de_DE","og_type":"article","og_title":"Inhaber - Samurai der Moderne","og_description":"Gunnar Ehrhardt Gunnar Ehrhardt, Firmen-Coach, Seminarleiter und Dozent, praktiziert und erforscht seit \u00fcber 30 Jahren Kampfkunst ist dabei direkter Sch\u00fcler japanischer Gro\u00dfmeister wie dem legend\u00e4ren Shizuya Sato, Tose Keiji und Kohno Akikazu. Zu seinen Hauptdisziplinen geh\u00f6ren u.a.: Selbstverteidigung \u2013 Jiu Jitsu (8. Dan) Japanische Schwertkunst \u2013 Iai-Do (6. Dan Renshi) Japanische Waffenkunst \u2013 Kobudo (4. [&hellip;]","og_url":"https:\/\/samurai-der-moderne.de\/?page_id=37","og_site_name":"Samurai der Moderne","article_modified_time":"2025-10-17T13:12:52+00:00","og_image":[{"width":583,"height":640,"url":"https:\/\/samurai-der-moderne.de\/wp-content\/uploads\/2025\/10\/Gunnar2.jpg","type":"image\/jpeg"}],"twitter_card":"summary_large_image","twitter_misc":{"Gesch\u00e4tzte Lesezeit":"2\u00a0Minuten"},"schema":{"@context":"https:\/\/schema.org","@graph":[{"@type":"WebPage","@id":"https:\/\/samurai-der-moderne.de\/?page_id=37","url":"https:\/\/samurai-der-moderne.de\/?page_id=37","name":"Inhaber - Samurai der Moderne","isPartOf":{"@id":"https:\/\/samurai-der-moderne.de\/#website"},"primaryImageOfPage":{"@id":"https:\/\/samurai-der-moderne.de\/?page_id=37#primaryimage"},"image":{"@id":"https:\/\/samurai-der-moderne.de\/?page_id=37#primaryimage"},"thumbnailUrl":"https:\/\/samurai-der-moderne.de\/wp-content\/uploads\/2025\/10\/Gunnar2.jpg","datePublished":"2025-06-03T12:23:20+00:00","dateModified":"2025-10-17T13:12:52+00:00","breadcrumb":{"@id":"https:\/\/samurai-der-moderne.de\/?page_id=37#breadcrumb"},"inLanguage":"de","potentialAction":[{"@type":"ReadAction","target":["https:\/\/samurai-der-moderne.de\/?page_id=37"]}]},{"@type":"ImageObject","inLanguage":"de","@id":"https:\/\/samurai-der-moderne.de\/?page_id=37#primaryimage","url":"https:\/\/samurai-der-moderne.de\/wp-content\/uploads\/2025\/10\/Gunnar2.jpg","contentUrl":"https:\/\/samurai-der-moderne.de\/wp-content\/uploads\/2025\/10\/Gunnar2.jpg","width":583,"height":640},{"@type":"BreadcrumbList","@id":"https:\/\/samurai-der-moderne.de\/?page_id=37#breadcrumb","itemListElement":[{"@type":"ListItem","position":1,"name":"Startseite","item":"https:\/\/samurai-der-moderne.de\/"},{"@type":"ListItem","position":2,"name":"Inhaber"}]},{"@type":"WebSite","@id":"https:\/\/samurai-der-moderne.de\/#website","url":"https:\/\/samurai-der-moderne.de\/","name":"Samurai der Moderne","description":"","publisher":{"@id":"https:\/\/samurai-der-moderne.de\/#organization"},"potentialAction":[{"@type":"SearchAction","target":{"@type":"EntryPoint","urlTemplate":"https:\/\/samurai-der-moderne.de\/?s={search_term_string}"},"query-input":{"@type":"PropertyValueSpecification","valueRequired":true,"valueName":"search_term_string"}}],"inLanguage":"de"},{"@type":"Organization","@id":"https:\/\/samurai-der-moderne.de\/#organization","name":"Samurai der Moderne","url":"https:\/\/samurai-der-moderne.de\/","logo":{"@type":"ImageObject","inLanguage":"de","@id":"https:\/\/samurai-der-moderne.de\/#\/schema\/logo\/image\/","url":"https:\/\/samurai-der-moderne.de\/wp-content\/uploads\/2025\/10\/cropped-logo.png","contentUrl":"https:\/\/samurai-der-moderne.de\/wp-content\/uploads\/2025\/10\/cropped-logo.png","width":200,"height":256,"caption":"Samurai der Moderne"},"image":{"@id":"https:\/\/samurai-der-moderne.de\/#\/schema\/logo\/image\/"}}]}},"_links":{"self":[{"href":"https:\/\/samurai-der-moderne.de\/index.php?rest_route=\/wp\/v2\/pages\/37","targetHints":{"allow":["GET"]}}],"collection":[{"href":"https:\/\/samurai-der-moderne.de\/index.php?rest_route=\/wp\/v2\/pages"}],"about":[{"href":"https:\/\/samurai-der-moderne.de\/index.php?rest_route=\/wp\/v2\/types\/page"}],"author":[{"embeddable":true,"href":"https:\/\/samurai-der-moderne.de\/index.php?rest_route=\/wp\/v2\/users\/1"}],"replies":[{"embeddable":true,"href":"https:\/\/samurai-der-moderne.de\/index.php?rest_route=%2Fwp%2Fv2%2Fcomments&post=37"}],"version-history":[{"count":3,"href":"https:\/\/samurai-der-moderne.de\/index.php?rest_route=\/wp\/v2\/pages\/37\/revisions"}],"predecessor-version":[{"id":118,"href":"https:\/\/samurai-der-moderne.de\/index.php?rest_route=\/wp\/v2\/pages\/37\/revisions\/118"}],"wp:attachment":[{"href":"https:\/\/samurai-der-moderne.de\/index.php?rest_route=%2Fwp%2Fv2%2Fmedia&parent=37"}],"curies":[{"name":"wp","href":"https:\/\/api.w.org\/{rel}","templated":true}]}}