{"id":35,"date":"2025-06-03T12:22:27","date_gmt":"2025-06-03T12:22:27","guid":{"rendered":"https:\/\/samurai-der-moderne.de\/?page_id=35"},"modified":"2025-10-17T13:06:50","modified_gmt":"2025-10-17T13:06:50","slug":"lebensberatung","status":"publish","type":"page","link":"https:\/\/samurai-der-moderne.de\/?page_id=35","title":{"rendered":"Lebensberatung"},"content":{"rendered":"<p><strong>Lebensberatung<\/strong><\/p>\n<p>Sie wissen nicht, wie es weitergehen soll?<\/p>\n<p>Sie stehen vor einer schwierigen Entscheidung?<\/p>\n<p>Sie haben Probleme im Beruf, der Familie, der Eltern-Kind-Beziehung oder Ihrer Partnerschaft?<\/p>\n<p>Ihnen w\u00e4chst die Schule oder die Arbeit \u00fcber den Kopf?<\/p>\n<p>Sie sind Angeh\u00f6riger von Drogen- oder Alkoholabh\u00e4ngigen?<\/p>\n<p>Sie suchen Ruhe und Entspannung?<\/p>\n<p>In Einzelsitzungen oder in der Gruppenarbeit finden wir Ihren Weg.<\/p>\n<p>&nbsp;<\/p>\n<p><strong>Lebensberatung hei\u00dft:<\/strong><\/p>\n<p>Sie in Ihrem Wachstum zu begleiten<\/p>\n<p>Begleitung in Entscheidungs- oder Problemsituationen<\/p>\n<p>Herauszufinden, wer Sie wirklich sind<\/p>\n<p>Probleme in Partnerschaft, der Familie, der Eltern-Kind-Beziehung und im Beruf aufzuzeigen und zu bearbeiten<\/p>\n<p>Im gemeinsamen Gespr\u00e4ch Ihre M\u00f6glichkeiten und Potenziale zu erkennen<\/p>\n<p>Ihren spirituellen Weg zu finden<\/p>\n","protected":false},"excerpt":{"rendered":"<p>Lebensberatung Sie wissen nicht, wie es weitergehen soll? Sie stehen vor einer schwierigen Entscheidung? Sie haben Probleme im Beruf, der Familie, der Eltern-Kind-Beziehung oder Ihrer Partnerschaft? Ihnen w\u00e4chst die Schule oder die Arbeit \u00fcber den Kopf? Sie sind Angeh\u00f6riger von Drogen- oder Alkoholabh\u00e4ngigen? Sie suchen Ruhe und Entspannung? In Einzelsitzungen oder in der Gruppenarbeit finden [&hellip;]<\/p>\n","protected":false},"author":1,"featured_media":0,"parent":0,"menu_order":0,"comment_status":"closed","ping_status":"closed","template":"","meta":{"footnotes":""},"class_list":["post-35","page","type-page","status-publish","hentry"],"yoast_head":"<!-- This site is optimized with the Yoast SEO plugin v27.3 - https:\/\/yoast.com\/product\/yoast-seo-wordpress\/ -->\n<title>Lebensberatung - Samurai der Moderne<\/title>\n<meta name=\"robots\" content=\"index, follow, max-snippet:-1, max-image-preview:large, max-video-preview:-1\" \/>\n<link rel=\"canonical\" href=\"https:\/\/samurai-der-moderne.de\/?page_id=35\" \/>\n<meta property=\"og:locale\" content=\"de_DE\" \/>\n<meta property=\"og:type\" content=\"article\" \/>\n<meta property=\"og:title\" content=\"Lebensberatung - Samurai der Moderne\" \/>\n<meta property=\"og:description\" content=\"Lebensberatung Sie wissen nicht, wie es weitergehen soll? Sie stehen vor einer schwierigen Entscheidung? Sie haben Probleme im Beruf, der Familie, der Eltern-Kind-Beziehung oder Ihrer Partnerschaft? Ihnen w\u00e4chst die Schule oder die Arbeit \u00fcber den Kopf? Sie sind Angeh\u00f6riger von Drogen- oder Alkoholabh\u00e4ngigen? Sie suchen Ruhe und Entspannung? In Einzelsitzungen oder in der Gruppenarbeit finden [&hellip;]\" \/>\n<meta property=\"og:url\" content=\"https:\/\/samurai-der-moderne.de\/?page_id=35\" \/>\n<meta property=\"og:site_name\" content=\"Samurai der Moderne\" \/>\n<meta property=\"article:modified_time\" content=\"2025-10-17T13:06:50+00:00\" \/>\n<meta name=\"twitter:card\" content=\"summary_large_image\" \/>\n<meta name=\"twitter:label1\" content=\"Gesch\u00e4tzte Lesezeit\" \/>\n\t<meta name=\"twitter:data1\" content=\"1\u00a0Minute\" \/>\n<script type=\"application\/ld+json\" class=\"yoast-schema-graph\">{\"@context\":\"https:\\\/\\\/schema.org\",\"@graph\":[{\"@type\":\"WebPage\",\"@id\":\"https:\\\/\\\/samurai-der-moderne.de\\\/?page_id=35\",\"url\":\"https:\\\/\\\/samurai-der-moderne.de\\\/?page_id=35\",\"name\":\"Lebensberatung - Samurai der Moderne\",\"isPartOf\":{\"@id\":\"https:\\\/\\\/samurai-der-moderne.de\\\/#website\"},\"datePublished\":\"2025-06-03T12:22:27+00:00\",\"dateModified\":\"2025-10-17T13:06:50+00:00\",\"breadcrumb\":{\"@id\":\"https:\\\/\\\/samurai-der-moderne.de\\\/?page_id=35#breadcrumb\"},\"inLanguage\":\"de\",\"potentialAction\":[{\"@type\":\"ReadAction\",\"target\":[\"https:\\\/\\\/samurai-der-moderne.de\\\/?page_id=35\"]}]},{\"@type\":\"BreadcrumbList\",\"@id\":\"https:\\\/\\\/samurai-der-moderne.de\\\/?page_id=35#breadcrumb\",\"itemListElement\":[{\"@type\":\"ListItem\",\"position\":1,\"name\":\"Startseite\",\"item\":\"https:\\\/\\\/samurai-der-moderne.de\\\/\"},{\"@type\":\"ListItem\",\"position\":2,\"name\":\"Lebensberatung\"}]},{\"@type\":\"WebSite\",\"@id\":\"https:\\\/\\\/samurai-der-moderne.de\\\/#website\",\"url\":\"https:\\\/\\\/samurai-der-moderne.de\\\/\",\"name\":\"Samurai der Moderne\",\"description\":\"\",\"publisher\":{\"@id\":\"https:\\\/\\\/samurai-der-moderne.de\\\/#organization\"},\"potentialAction\":[{\"@type\":\"SearchAction\",\"target\":{\"@type\":\"EntryPoint\",\"urlTemplate\":\"https:\\\/\\\/samurai-der-moderne.de\\\/?s={search_term_string}\"},\"query-input\":{\"@type\":\"PropertyValueSpecification\",\"valueRequired\":true,\"valueName\":\"search_term_string\"}}],\"inLanguage\":\"de\"},{\"@type\":\"Organization\",\"@id\":\"https:\\\/\\\/samurai-der-moderne.de\\\/#organization\",\"name\":\"Samurai der Moderne\",\"url\":\"https:\\\/\\\/samurai-der-moderne.de\\\/\",\"logo\":{\"@type\":\"ImageObject\",\"inLanguage\":\"de\",\"@id\":\"https:\\\/\\\/samurai-der-moderne.de\\\/#\\\/schema\\\/logo\\\/image\\\/\",\"url\":\"https:\\\/\\\/samurai-der-moderne.de\\\/wp-content\\\/uploads\\\/2025\\\/10\\\/cropped-logo.png\",\"contentUrl\":\"https:\\\/\\\/samurai-der-moderne.de\\\/wp-content\\\/uploads\\\/2025\\\/10\\\/cropped-logo.png\",\"width\":200,\"height\":256,\"caption\":\"Samurai der Moderne\"},\"image\":{\"@id\":\"https:\\\/\\\/samurai-der-moderne.de\\\/#\\\/schema\\\/logo\\\/image\\\/\"}}]}<\/script>\n<!-- \/ Yoast SEO plugin. -->","yoast_head_json":{"title":"Lebensberatung - Samurai der Moderne","robots":{"index":"index","follow":"follow","max-snippet":"max-snippet:-1","max-image-preview":"max-image-preview:large","max-video-preview":"max-video-preview:-1"},"canonical":"https:\/\/samurai-der-moderne.de\/?page_id=35","og_locale":"de_DE","og_type":"article","og_title":"Lebensberatung - Samurai der Moderne","og_description":"Lebensberatung Sie wissen nicht, wie es weitergehen soll? Sie stehen vor einer schwierigen Entscheidung? Sie haben Probleme im Beruf, der Familie, der Eltern-Kind-Beziehung oder Ihrer Partnerschaft? Ihnen w\u00e4chst die Schule oder die Arbeit \u00fcber den Kopf? Sie sind Angeh\u00f6riger von Drogen- oder Alkoholabh\u00e4ngigen? Sie suchen Ruhe und Entspannung? In Einzelsitzungen oder in der Gruppenarbeit finden [&hellip;]","og_url":"https:\/\/samurai-der-moderne.de\/?page_id=35","og_site_name":"Samurai der Moderne","article_modified_time":"2025-10-17T13:06:50+00:00","twitter_card":"summary_large_image","twitter_misc":{"Gesch\u00e4tzte Lesezeit":"1\u00a0Minute"},"schema":{"@context":"https:\/\/schema.org","@graph":[{"@type":"WebPage","@id":"https:\/\/samurai-der-moderne.de\/?page_id=35","url":"https:\/\/samurai-der-moderne.de\/?page_id=35","name":"Lebensberatung - Samurai der Moderne","isPartOf":{"@id":"https:\/\/samurai-der-moderne.de\/#website"},"datePublished":"2025-06-03T12:22:27+00:00","dateModified":"2025-10-17T13:06:50+00:00","breadcrumb":{"@id":"https:\/\/samurai-der-moderne.de\/?page_id=35#breadcrumb"},"inLanguage":"de","potentialAction":[{"@type":"ReadAction","target":["https:\/\/samurai-der-moderne.de\/?page_id=35"]}]},{"@type":"BreadcrumbList","@id":"https:\/\/samurai-der-moderne.de\/?page_id=35#breadcrumb","itemListElement":[{"@type":"ListItem","position":1,"name":"Startseite","item":"https:\/\/samurai-der-moderne.de\/"},{"@type":"ListItem","position":2,"name":"Lebensberatung"}]},{"@type":"WebSite","@id":"https:\/\/samurai-der-moderne.de\/#website","url":"https:\/\/samurai-der-moderne.de\/","name":"Samurai der Moderne","description":"","publisher":{"@id":"https:\/\/samurai-der-moderne.de\/#organization"},"potentialAction":[{"@type":"SearchAction","target":{"@type":"EntryPoint","urlTemplate":"https:\/\/samurai-der-moderne.de\/?s={search_term_string}"},"query-input":{"@type":"PropertyValueSpecification","valueRequired":true,"valueName":"search_term_string"}}],"inLanguage":"de"},{"@type":"Organization","@id":"https:\/\/samurai-der-moderne.de\/#organization","name":"Samurai der Moderne","url":"https:\/\/samurai-der-moderne.de\/","logo":{"@type":"ImageObject","inLanguage":"de","@id":"https:\/\/samurai-der-moderne.de\/#\/schema\/logo\/image\/","url":"https:\/\/samurai-der-moderne.de\/wp-content\/uploads\/2025\/10\/cropped-logo.png","contentUrl":"https:\/\/samurai-der-moderne.de\/wp-content\/uploads\/2025\/10\/cropped-logo.png","width":200,"height":256,"caption":"Samurai der Moderne"},"image":{"@id":"https:\/\/samurai-der-moderne.de\/#\/schema\/logo\/image\/"}}]}},"_links":{"self":[{"href":"https:\/\/samurai-der-moderne.de\/index.php?rest_route=\/wp\/v2\/pages\/35","targetHints":{"allow":["GET"]}}],"collection":[{"href":"https:\/\/samurai-der-moderne.de\/index.php?rest_route=\/wp\/v2\/pages"}],"about":[{"href":"https:\/\/samurai-der-moderne.de\/index.php?rest_route=\/wp\/v2\/types\/page"}],"author":[{"embeddable":true,"href":"https:\/\/samurai-der-moderne.de\/index.php?rest_route=\/wp\/v2\/users\/1"}],"replies":[{"embeddable":true,"href":"https:\/\/samurai-der-moderne.de\/index.php?rest_route=%2Fwp%2Fv2%2Fcomments&post=35"}],"version-history":[{"count":3,"href":"https:\/\/samurai-der-moderne.de\/index.php?rest_route=\/wp\/v2\/pages\/35\/revisions"}],"predecessor-version":[{"id":112,"href":"https:\/\/samurai-der-moderne.de\/index.php?rest_route=\/wp\/v2\/pages\/35\/revisions\/112"}],"wp:attachment":[{"href":"https:\/\/samurai-der-moderne.de\/index.php?rest_route=%2Fwp%2Fv2%2Fmedia&parent=35"}],"curies":[{"name":"wp","href":"https:\/\/api.w.org\/{rel}","templated":true}]}}