{"id":33,"date":"2025-06-03T12:21:47","date_gmt":"2025-06-03T12:21:47","guid":{"rendered":"https:\/\/samurai-der-moderne.de\/?page_id=33"},"modified":"2025-12-11T12:01:30","modified_gmt":"2025-12-11T12:01:30","slug":"samurai-der-moderne","status":"publish","type":"page","link":"https:\/\/samurai-der-moderne.de\/","title":{"rendered":"Kurse \/ Lehrinhalt"},"content":{"rendered":"<p><strong>Kurse \/ Lehrinhalt<\/strong><\/p>\n<p><strong><img loading=\"lazy\" decoding=\"async\" class=\"alignnone size-full wp-image-95\" src=\"https:\/\/samurai-der-moderne.de\/wp-content\/uploads\/2025\/10\/Trainig_SV.jpg\" alt=\"\" width=\"1500\" height=\"999\" srcset=\"https:\/\/samurai-der-moderne.de\/wp-content\/uploads\/2025\/10\/Trainig_SV.jpg 1500w, https:\/\/samurai-der-moderne.de\/wp-content\/uploads\/2025\/10\/Trainig_SV-300x200.jpg 300w, https:\/\/samurai-der-moderne.de\/wp-content\/uploads\/2025\/10\/Trainig_SV-1024x682.jpg 1024w, https:\/\/samurai-der-moderne.de\/wp-content\/uploads\/2025\/10\/Trainig_SV-768x511.jpg 768w, https:\/\/samurai-der-moderne.de\/wp-content\/uploads\/2025\/10\/Trainig_SV-1200x799.jpg 1200w\" sizes=\"auto, (max-width: 1500px) 100vw, 1500px\" \/>Gesundheitsfragebogen<br \/>\n<\/strong><\/p>\n<p>Falls Sie zum ersten Mal an unserem Training teilnehmen, m\u00fcssen Sie einen Gesundheitsfragebogen ausf\u00fcllen. Sie k\u00f6nnen ihn <a href=\"https:\/\/samurai-der-moderne.de\/wp-content\/uploads\/2025\/10\/Eingangs-_und_Gesundheitsfragebogen.pdf\" target=\"_blank\" rel=\"noopener noreferrer\">hier<\/a> herunterladen, ausdrucken und gleich zum ersten Training mitbringen.<\/p>\n<p><a href=\"https:\/\/samurai-der-moderne.de\/wp-content\/uploads\/2025\/10\/Eingangs-_und_Gesundheitsfragebogen.pdf\">Zum Gesundheitsfragebogen<\/a><\/p>\n<p>&nbsp;<\/p>\n<p><strong>Selbstverteidigung \/ Jiu-Jitsu<\/strong><\/p>\n<p><img loading=\"lazy\" decoding=\"async\" class=\"wp-image-94 size-medium alignright\" style=\"font-family: NonBreakingSpaceOverride, 'Hoefler Text', 'Noto Serif', Garamond, 'Times New Roman', serif; letter-spacing: normal;\" src=\"https:\/\/samurai-der-moderne.de\/wp-content\/uploads\/2025\/10\/IMG_3809-300x207.jpg\" alt=\"\" width=\"300\" height=\"207\" srcset=\"https:\/\/samurai-der-moderne.de\/wp-content\/uploads\/2025\/10\/IMG_3809-300x207.jpg 300w, https:\/\/samurai-der-moderne.de\/wp-content\/uploads\/2025\/10\/IMG_3809-1024x705.jpg 1024w, https:\/\/samurai-der-moderne.de\/wp-content\/uploads\/2025\/10\/IMG_3809-768x529.jpg 768w, https:\/\/samurai-der-moderne.de\/wp-content\/uploads\/2025\/10\/IMG_3809-1200x826.jpg 1200w, https:\/\/samurai-der-moderne.de\/wp-content\/uploads\/2025\/10\/IMG_3809.jpg 1242w\" sizes=\"auto, (max-width: 300px) 100vw, 300px\" \/><\/p>\n<p>Die Kunst, den Gegner abzuwehren oder auch die \u201eWissenschaft der Nachgiebigkeit\u201c.<\/p>\n<p>In unserer Schule vermitteln wir Jiu-Jitsu als modernes Selbstverteidigungskonzept passend f\u00fcr die heutige Zeit.<\/p>\n<p>Entwickelt aus der traditionellen japanischen Samurai Kampfkunst, bietet Jiu-Jitsu ein breites Spektrum an M\u00f6glichkeiten zur effektiven Selbstverteidigung.<\/p>\n<p>\u00dcbergeordnetes Ziel im Jiu-Jitsu ist es, den Gegner unabh\u00e4ngig von eigener Gr\u00f6\u00dfe und Kraft abzuwehren.<\/p>\n<p>Deine Teilnahme an unseren Kursen st\u00e4rkt dein Selbstvertrauen, deine K\u00f6rperhaltung \/ K\u00f6rpersprache, hilft dir Gefahrensituationen rechtzeitig zu erkennen, einzusch\u00e4tzen und richtig zu handeln.<\/p>\n<p>Sowohl Erwachsene als auch Kinder verbessern ma\u00dfgeblich ihre motorischen F\u00e4higkeiten und ihre Koordination und f\u00f6rdern nachhaltig ihre sozialen Kontaktkompetenzen.<\/p>\n<p>F\u00fcr wen sind unsere Selbstverteidigungskurse geeignet?<\/p>\n<ul>\n<li>Frauen<\/li>\n<li>M\u00e4nner<\/li>\n<li>Kinder ab 6 Jahren allein<\/li>\n<li>Familien, gemeinsam zu lernen macht am meisten Spa\u00df<\/li>\n<\/ul>\n<p><strong>Sch\u00fctze deine Familie und dich selbst.<br \/>\n<\/strong><strong>Melde dich jetzt zu unseren Kursen an.<br \/>\n<\/strong><strong>F\u00fcr Seminare \/ Coaching klicke bitte <a href=\"https:\/\/samurai-der-moderne.jimdofree.com\/\" target=\"_blank\" rel=\"noopener noreferrer\">hier<\/a>.<\/strong><\/p>\n<p>&nbsp;<\/p>\n<p><strong>Samurai-Schwertkunst: Iai-Do<\/strong><\/p>\n<p>Die Kunst, das Schwert zu ziehen.<\/p>\n<p>Von den Kriegern Japans als \u00fcberlegene Kampfkunst entwickelt und bis heute weiter verbessert, gilt Iaido als K\u00f6nigsdisziplin der Kampfkunst.<\/p>\n<p>In der heutigen Zeit wird Samurai Schwertkunst Iai-Do genau wie japanisches Bogenschie\u00dfen f\u00fcr die k\u00f6rperliche und geistige Entwicklung trainiert.<\/p>\n<p>Willensst\u00e4rke, Disziplin und Pr\u00e4zision eines Samurai zu entwickeln, sind ma\u00dfgebliche Ziele unser heutigen Zeit, genauso wie die Festigung und St\u00e4rkung der Pers\u00f6nlichkeit.<\/p>\n<p>Ge\u00fcbt wird in Form von vorgeschriebenen Bewegungsabl\u00e4ufen, den Katas. Diese sind genau festgelegte Abfolgen von Schwerttechniken und Bewegungsformen.<\/p>\n<p>Partner\u00fcbungen mit dem Holzschwert, dem Bokken, um ein Gef\u00fchl f\u00fcr das Schwert zu entwickeln, sind ein wichtiger Bestandteil des Unterrichts. Der Bokken hat sich im Laufe der japanischen Geschichte zur eigenst\u00e4ndigen Waffe entwickelt. Der ber\u00fchmteste Samurai Japans, Miyamoto Musashi, besiegte seine Gegner mit einen Bokken.<\/p>\n<p>In Japan gilt Iai-Do als die \u00e4lteste \u00dcbungsform von Schwertkampftechniken. Es ist die Kunst, aus der Ruhe heraus das Schwert sicher und schnell zu ziehen und f\u00fchren zu k\u00f6nnen.<\/p>\n<p>In unserer Schule unterrichten wir Eishin Ryu Iaido, den in Japan am weitesten verbreiteten Stil. Ihn \u00fcbten schon die Shogune, die wichtigsten F\u00fcrsten in Japan.<\/p>\n<p>Anf\u00e4nger beginnen mit einem Holzschwert, um die k\u00f6rperlichen Bewegungsabl\u00e4ufe zu erlernen.<\/p>\n<p>Fortgeschrittene \u00fcben in der traditionellen Kleidung Hakama und Gi und benutzen ein Iaito, ein \u00dcbungsschwert. Diese Iaito haben eine stumpfe Metallklinge mit Griffmontierung und Saya, um die korrekte Handhabung zu erlernen.<\/p>\n<p>F\u00fcr wen sind unsere Schwertkunst-Kurse geeignet?<\/p>\n<p>Es gibt keine Altersbeschr\u00e4nkung nach oben.<\/p>\n<p>Derzeit ist unser \u00e4ltester Teilnehmer 80 Jahre alt und fit wie ein Turnschuh!<\/p>\n<p>Unsere Kurse sind offen f\u00fcr:<\/p>\n<ul>\n<li>Frauen<\/li>\n<li>M\u00e4nner<\/li>\n<li>Kinder \/ Jugendliche ab 10 Jahren<\/li>\n<\/ul>\n<p>&nbsp;<\/p>\n<p><strong>Arnis, die Kunst der wirbelnden St\u00f6cke<\/strong><\/p>\n<p>Philippinisches Stockfechten wird als Arnis, Escrima und Kali bezeichnet. In unseren Kursen lernst du vom ersten Tag an, richtig mit Waffen umzugehen, diese zu beherrschen und abzuwehren. Als Anf\u00e4nger \u00fcbst du mit St\u00f6cken, der \u00e4ltesten Waffe der Welt, und Alltagsgegenst\u00e4nden. Ist dein Level fortgeschritten, lernst du den effektiven Einsatz von Messern, Macheten und Winkelschlagstock.<\/p>\n<p><strong>\u201eNur wer eine Waffe beherrscht kann sie erfolgreich abwehren\u201c<\/strong><\/p>\n<p>Prim\u00e4r wirst du die Technik des Combat Arnis beherrschen. Dieses ist eines der effektivsten Nahkampf- und Selbstverteidigungs-Systeme weltweit, entwickelt von dem Milit\u00e4rexperten und Gro\u00dfmeister Cui Brocka f\u00fcr den Einsatz f\u00fcr milit\u00e4rische Einheiten und Spezialkr\u00e4fte.<\/p>\n<p>Cui Brocka wurde durch den amerikanischen Pr\u00e4sident Jimmy Carter f\u00fcr seine einzigartigen Leistungen und sein K\u00f6nnen ausgezeichnet.<\/p>\n<p>F\u00fcr deinen Einstig wirst du schrittweise an die Waffentechniken und die daraus resultierenden F\u00e4higkeiten, auch ohne Waffe k\u00e4mpfen zu k\u00f6nnen, herangef\u00fchrt.<\/p>\n<p>Nutze Combat Arnis auch zus\u00e4tzlich als Erg\u00e4nzung zu deinem vorhandenen K\u00f6nnen im Bereich Jiu-Jitsu, Karate, Aikido oder Taekwondo.<\/p>\n<p>F\u00fcr wen sind unsere Arnis-Kurse geeignet?<\/p>\n<ul>\n<li>Frauen<\/li>\n<li>M\u00e4nner<\/li>\n<li>Kinder ab 10<\/li>\n<li>Familien, gemeinsam zu lernen macht am meisten Spa\u00df<\/li>\n<\/ul>\n<p><strong>Beherrsche den Stock, die \u00e4lteste Waffe der Welt<\/strong><\/p>\n<p><strong>Melde dich jetzt zu unseren Kursen an. <\/strong><\/p>\n<p><strong>F\u00fcr Seminare \/ Coaching klicke bitte <a href=\"https:\/\/samurai-der-moderne.jimdofree.com\/\">hier<\/a>.<\/strong><\/p>\n<p>&nbsp;<\/p>\n<p><strong>Angebote f\u00fcr beh\u00f6rdliche Anwender<\/strong><\/p>\n<p><strong>Defense and Law Enforcement<\/strong><\/p>\n<p>Das philippinische Stockfechten, welches als Arnis, Escrima oder Kali bezeichnet wird, kann auf eine langj\u00e4hrige Anwendung im beh\u00f6rdlichen milit\u00e4rischen Bereich zur\u00fcckblicken. Bereits w\u00e4hrend des zweiten Weltkriegs wurden philippinische Soldaten, welche auf Seite der Alliierten k\u00e4mpften, in dieser Kampfkunst ausgebildet. Daher ist es nicht verwunderlich, dass diese Kampfkunst heute eine weltweite Verbreitung genie\u00dft und von verschiedensten Einsatzkr\u00e4ften praktiziert wird.<\/p>\n<p>Die Form des Combat Arnis wurde von Cui Brocka speziell f\u00fcr den beh\u00f6rdlichen Anwendungsbereich geschaffen. Combat Arnis gibt dem ausgebildeten Anwender die M\u00f6glichkeit, ein hohes Ma\u00df an Selbstschutz zu realisieren. Der Selbstschutz resultiert aus der Bef\u00e4higung des Anwenders, schnell und angemessen auf unterschiedlichste Situationen reagieren zu k\u00f6nnen. Dabei steht eine Vielzahl an Techniken zur Verf\u00fcgung, die verschiedene Abstufungen von Gewalt beinhalten. Somit k\u00f6nnen Notwehrexzesse effektiv vermieden und der Umgang mit Extremsituationen verbessert werden. Grundlage f\u00fcr eine solche Bef\u00e4higung des Anwenders ist ein regelm\u00e4\u00dfiges und gut strukturiertes Training. Bestehende Techniken im Selbstschutz mit Winkelschlagstock (japanisch Tonfa) oder auch waffenlos k\u00f6nnen somit als Grundlage genutzt und vertieft werden.<\/p>\n<p>Gerne unterbreiten wir Ihnen ein Angebot, welches auf Sie und Ihre Bed\u00fcrfnisse zugeschnitten ist. Dadurch lassen sich das Training und die Ausbildung Ihrer Einsatzkr\u00e4fte mit den bestehenden Trainings- und Ausbildungspraktiken abstimmen. Daf\u00fcr stehen wir mit einer uneingeschr\u00e4nkten Reisebereitschaft f\u00fcr Sie und Ihre Interessen zur Verf\u00fcgung. Seminare und Workshops im Ausland sind somit kein Problem. Wir agieren streng innerhalb der lokalen Gesetzeslage und beraten Sie gerne zu verschiedensten Trainingsm\u00f6glichkeiten.<\/p>\n<p>Auf Sie abgestimmte Trainings- und Lerninhalte bieten Ihnen die folgenden Vorteile:<\/p>\n<ul>\n<li>Umgang mit Extremsituationen<\/li>\n<li>Kl\u00e4rung von Gefahrenpotentialen<\/li>\n<li>Sichern und Festsetzen von Individuen<\/li>\n<li>Aufrechterhaltung des Selbstschutzes bei Verlust der Waffe<\/li>\n<li>Aufrechterhaltung der Handlungsf\u00e4higkeit in Extremsituationen<\/li>\n<\/ul>\n<p>&nbsp;<\/p>\n<p id=\"verhaltenstraining\"><strong>Verhaltenstraining<\/strong><\/p>\n<p>Im Verhaltenstraining lernen wir Anderen zuzuh\u00f6ren, respektvollen Umgang miteinander und anderen Menschen gegen\u00fcber.<\/p>\n<p>Wir lernen uns auf unsere Ziele und deren Umsetzung zu konzentrieren.<br \/>\nWir \u00fcben in Stresssituationen ruhig zu bleiben und uns zu entspannen.<br \/>\nWir reflektieren uns und unsere Verhaltensweisen anderen gegen\u00fcber.<\/p>\n<p>Kleine Rollenspiele, kreatives Zeichnen und ein wenig Sport lockern den Unterricht zus\u00e4tzlich auf.<\/p>\n<p>&nbsp;<\/p>\n","protected":false},"excerpt":{"rendered":"<p>Kurse \/ Lehrinhalt Gesundheitsfragebogen Falls Sie zum ersten Mal an unserem Training teilnehmen, m\u00fcssen Sie einen Gesundheitsfragebogen ausf\u00fcllen. Sie k\u00f6nnen ihn hier herunterladen, ausdrucken und gleich zum ersten Training mitbringen. Zum Gesundheitsfragebogen &nbsp; Selbstverteidigung \/ Jiu-Jitsu Die Kunst, den Gegner abzuwehren oder auch die \u201eWissenschaft der Nachgiebigkeit\u201c. In unserer Schule vermitteln wir Jiu-Jitsu als modernes [&hellip;]<\/p>\n","protected":false},"author":1,"featured_media":0,"parent":0,"menu_order":0,"comment_status":"closed","ping_status":"closed","template":"","meta":{"footnotes":""},"class_list":["post-33","page","type-page","status-publish","hentry"],"yoast_head":"<!-- This site is optimized with the Yoast SEO plugin v27.3 - https:\/\/yoast.com\/product\/yoast-seo-wordpress\/ -->\n<title>Kurse \/ Lehrinhalt - Samurai der Moderne<\/title>\n<meta name=\"description\" content=\"Samurai der Moderne, Kampfkunst, Kampfkunstschule, Muldental, Undo, Jiu-Jitsu, Iai-Do, Arnis, Defense and Law Enforcement, Verhaltenstraining\" \/>\n<meta name=\"robots\" content=\"index, follow, max-snippet:-1, max-image-preview:large, max-video-preview:-1\" \/>\n<link rel=\"canonical\" href=\"https:\/\/samurai-der-moderne.de\/\" \/>\n<meta property=\"og:locale\" content=\"de_DE\" \/>\n<meta property=\"og:type\" content=\"article\" \/>\n<meta property=\"og:title\" content=\"Kurse \/ Lehrinhalt - Samurai der Moderne\" \/>\n<meta property=\"og:description\" content=\"Samurai der Moderne, Kampfkunst, Kampfkunstschule, Muldental, Undo, Jiu-Jitsu, Iai-Do, Arnis, Defense and Law Enforcement, Verhaltenstraining\" \/>\n<meta property=\"og:url\" content=\"https:\/\/samurai-der-moderne.de\/\" \/>\n<meta property=\"og:site_name\" content=\"Samurai der Moderne\" \/>\n<meta property=\"article:modified_time\" content=\"2025-12-11T12:01:30+00:00\" \/>\n<meta property=\"og:image\" content=\"https:\/\/samurai-der-moderne.de\/wp-content\/uploads\/2025\/10\/Trainig_SV.jpg\" \/>\n\t<meta property=\"og:image:width\" content=\"1500\" \/>\n\t<meta property=\"og:image:height\" content=\"999\" \/>\n\t<meta property=\"og:image:type\" content=\"image\/jpeg\" \/>\n<meta name=\"twitter:card\" content=\"summary_large_image\" \/>\n<meta name=\"twitter:label1\" content=\"Gesch\u00e4tzte Lesezeit\" \/>\n\t<meta name=\"twitter:data1\" content=\"6\u00a0Minuten\" \/>\n<script type=\"application\/ld+json\" class=\"yoast-schema-graph\">{\"@context\":\"https:\\\/\\\/schema.org\",\"@graph\":[{\"@type\":\"WebPage\",\"@id\":\"https:\\\/\\\/samurai-der-moderne.de\\\/\",\"url\":\"https:\\\/\\\/samurai-der-moderne.de\\\/\",\"name\":\"Kurse \\\/ Lehrinhalt - Samurai der Moderne\",\"isPartOf\":{\"@id\":\"https:\\\/\\\/samurai-der-moderne.de\\\/#website\"},\"primaryImageOfPage\":{\"@id\":\"https:\\\/\\\/samurai-der-moderne.de\\\/#primaryimage\"},\"image\":{\"@id\":\"https:\\\/\\\/samurai-der-moderne.de\\\/#primaryimage\"},\"thumbnailUrl\":\"https:\\\/\\\/samurai-der-moderne.de\\\/wp-content\\\/uploads\\\/2025\\\/10\\\/Trainig_SV.jpg\",\"datePublished\":\"2025-06-03T12:21:47+00:00\",\"dateModified\":\"2025-12-11T12:01:30+00:00\",\"description\":\"Samurai der Moderne, Kampfkunst, Kampfkunstschule, Muldental, Undo, Jiu-Jitsu, Iai-Do, Arnis, Defense and Law Enforcement, Verhaltenstraining\",\"breadcrumb\":{\"@id\":\"https:\\\/\\\/samurai-der-moderne.de\\\/#breadcrumb\"},\"inLanguage\":\"de\",\"potentialAction\":[{\"@type\":\"ReadAction\",\"target\":[\"https:\\\/\\\/samurai-der-moderne.de\\\/\"]}]},{\"@type\":\"ImageObject\",\"inLanguage\":\"de\",\"@id\":\"https:\\\/\\\/samurai-der-moderne.de\\\/#primaryimage\",\"url\":\"https:\\\/\\\/samurai-der-moderne.de\\\/wp-content\\\/uploads\\\/2025\\\/10\\\/Trainig_SV.jpg\",\"contentUrl\":\"https:\\\/\\\/samurai-der-moderne.de\\\/wp-content\\\/uploads\\\/2025\\\/10\\\/Trainig_SV.jpg\",\"width\":1500,\"height\":999},{\"@type\":\"BreadcrumbList\",\"@id\":\"https:\\\/\\\/samurai-der-moderne.de\\\/#breadcrumb\",\"itemListElement\":[{\"@type\":\"ListItem\",\"position\":1,\"name\":\"Startseite\",\"item\":\"https:\\\/\\\/samurai-der-moderne.de\\\/\"},{\"@type\":\"ListItem\",\"position\":2,\"name\":\"Kurse \\\/ Lehrinhalt\"}]},{\"@type\":\"WebSite\",\"@id\":\"https:\\\/\\\/samurai-der-moderne.de\\\/#website\",\"url\":\"https:\\\/\\\/samurai-der-moderne.de\\\/\",\"name\":\"Samurai der Moderne\",\"description\":\"\",\"publisher\":{\"@id\":\"https:\\\/\\\/samurai-der-moderne.de\\\/#organization\"},\"potentialAction\":[{\"@type\":\"SearchAction\",\"target\":{\"@type\":\"EntryPoint\",\"urlTemplate\":\"https:\\\/\\\/samurai-der-moderne.de\\\/?s={search_term_string}\"},\"query-input\":{\"@type\":\"PropertyValueSpecification\",\"valueRequired\":true,\"valueName\":\"search_term_string\"}}],\"inLanguage\":\"de\"},{\"@type\":\"Organization\",\"@id\":\"https:\\\/\\\/samurai-der-moderne.de\\\/#organization\",\"name\":\"Samurai der Moderne\",\"url\":\"https:\\\/\\\/samurai-der-moderne.de\\\/\",\"logo\":{\"@type\":\"ImageObject\",\"inLanguage\":\"de\",\"@id\":\"https:\\\/\\\/samurai-der-moderne.de\\\/#\\\/schema\\\/logo\\\/image\\\/\",\"url\":\"https:\\\/\\\/samurai-der-moderne.de\\\/wp-content\\\/uploads\\\/2025\\\/10\\\/cropped-logo.png\",\"contentUrl\":\"https:\\\/\\\/samurai-der-moderne.de\\\/wp-content\\\/uploads\\\/2025\\\/10\\\/cropped-logo.png\",\"width\":200,\"height\":256,\"caption\":\"Samurai der Moderne\"},\"image\":{\"@id\":\"https:\\\/\\\/samurai-der-moderne.de\\\/#\\\/schema\\\/logo\\\/image\\\/\"}}]}<\/script>\n<!-- \/ Yoast SEO plugin. -->","yoast_head_json":{"title":"Kurse \/ Lehrinhalt - Samurai der Moderne","description":"Samurai der Moderne, Kampfkunst, Kampfkunstschule, Muldental, Undo, Jiu-Jitsu, Iai-Do, Arnis, Defense and Law Enforcement, Verhaltenstraining","robots":{"index":"index","follow":"follow","max-snippet":"max-snippet:-1","max-image-preview":"max-image-preview:large","max-video-preview":"max-video-preview:-1"},"canonical":"https:\/\/samurai-der-moderne.de\/","og_locale":"de_DE","og_type":"article","og_title":"Kurse \/ Lehrinhalt - Samurai der Moderne","og_description":"Samurai der Moderne, Kampfkunst, Kampfkunstschule, Muldental, Undo, Jiu-Jitsu, Iai-Do, Arnis, Defense and Law Enforcement, Verhaltenstraining","og_url":"https:\/\/samurai-der-moderne.de\/","og_site_name":"Samurai der Moderne","article_modified_time":"2025-12-11T12:01:30+00:00","og_image":[{"width":1500,"height":999,"url":"https:\/\/samurai-der-moderne.de\/wp-content\/uploads\/2025\/10\/Trainig_SV.jpg","type":"image\/jpeg"}],"twitter_card":"summary_large_image","twitter_misc":{"Gesch\u00e4tzte Lesezeit":"6\u00a0Minuten"},"schema":{"@context":"https:\/\/schema.org","@graph":[{"@type":"WebPage","@id":"https:\/\/samurai-der-moderne.de\/","url":"https:\/\/samurai-der-moderne.de\/","name":"Kurse \/ Lehrinhalt - Samurai der Moderne","isPartOf":{"@id":"https:\/\/samurai-der-moderne.de\/#website"},"primaryImageOfPage":{"@id":"https:\/\/samurai-der-moderne.de\/#primaryimage"},"image":{"@id":"https:\/\/samurai-der-moderne.de\/#primaryimage"},"thumbnailUrl":"https:\/\/samurai-der-moderne.de\/wp-content\/uploads\/2025\/10\/Trainig_SV.jpg","datePublished":"2025-06-03T12:21:47+00:00","dateModified":"2025-12-11T12:01:30+00:00","description":"Samurai der Moderne, Kampfkunst, Kampfkunstschule, Muldental, Undo, Jiu-Jitsu, Iai-Do, Arnis, Defense and Law Enforcement, Verhaltenstraining","breadcrumb":{"@id":"https:\/\/samurai-der-moderne.de\/#breadcrumb"},"inLanguage":"de","potentialAction":[{"@type":"ReadAction","target":["https:\/\/samurai-der-moderne.de\/"]}]},{"@type":"ImageObject","inLanguage":"de","@id":"https:\/\/samurai-der-moderne.de\/#primaryimage","url":"https:\/\/samurai-der-moderne.de\/wp-content\/uploads\/2025\/10\/Trainig_SV.jpg","contentUrl":"https:\/\/samurai-der-moderne.de\/wp-content\/uploads\/2025\/10\/Trainig_SV.jpg","width":1500,"height":999},{"@type":"BreadcrumbList","@id":"https:\/\/samurai-der-moderne.de\/#breadcrumb","itemListElement":[{"@type":"ListItem","position":1,"name":"Startseite","item":"https:\/\/samurai-der-moderne.de\/"},{"@type":"ListItem","position":2,"name":"Kurse \/ Lehrinhalt"}]},{"@type":"WebSite","@id":"https:\/\/samurai-der-moderne.de\/#website","url":"https:\/\/samurai-der-moderne.de\/","name":"Samurai der Moderne","description":"","publisher":{"@id":"https:\/\/samurai-der-moderne.de\/#organization"},"potentialAction":[{"@type":"SearchAction","target":{"@type":"EntryPoint","urlTemplate":"https:\/\/samurai-der-moderne.de\/?s={search_term_string}"},"query-input":{"@type":"PropertyValueSpecification","valueRequired":true,"valueName":"search_term_string"}}],"inLanguage":"de"},{"@type":"Organization","@id":"https:\/\/samurai-der-moderne.de\/#organization","name":"Samurai der Moderne","url":"https:\/\/samurai-der-moderne.de\/","logo":{"@type":"ImageObject","inLanguage":"de","@id":"https:\/\/samurai-der-moderne.de\/#\/schema\/logo\/image\/","url":"https:\/\/samurai-der-moderne.de\/wp-content\/uploads\/2025\/10\/cropped-logo.png","contentUrl":"https:\/\/samurai-der-moderne.de\/wp-content\/uploads\/2025\/10\/cropped-logo.png","width":200,"height":256,"caption":"Samurai der Moderne"},"image":{"@id":"https:\/\/samurai-der-moderne.de\/#\/schema\/logo\/image\/"}}]}},"_links":{"self":[{"href":"https:\/\/samurai-der-moderne.de\/index.php?rest_route=\/wp\/v2\/pages\/33","targetHints":{"allow":["GET"]}}],"collection":[{"href":"https:\/\/samurai-der-moderne.de\/index.php?rest_route=\/wp\/v2\/pages"}],"about":[{"href":"https:\/\/samurai-der-moderne.de\/index.php?rest_route=\/wp\/v2\/types\/page"}],"author":[{"embeddable":true,"href":"https:\/\/samurai-der-moderne.de\/index.php?rest_route=\/wp\/v2\/users\/1"}],"replies":[{"embeddable":true,"href":"https:\/\/samurai-der-moderne.de\/index.php?rest_route=%2Fwp%2Fv2%2Fcomments&post=33"}],"version-history":[{"count":11,"href":"https:\/\/samurai-der-moderne.de\/index.php?rest_route=\/wp\/v2\/pages\/33\/revisions"}],"predecessor-version":[{"id":110,"href":"https:\/\/samurai-der-moderne.de\/index.php?rest_route=\/wp\/v2\/pages\/33\/revisions\/110"}],"wp:attachment":[{"href":"https:\/\/samurai-der-moderne.de\/index.php?rest_route=%2Fwp%2Fv2%2Fmedia&parent=33"}],"curies":[{"name":"wp","href":"https:\/\/api.w.org\/{rel}","templated":true}]}}